{"id":163,"date":"2025-01-23T08:19:00","date_gmt":"2025-01-23T08:19:00","guid":{"rendered":"https:\/\/kiekkonen.fi\/?page_id=163"},"modified":"2025-12-07T21:24:31","modified_gmt":"2025-12-07T21:24:31","slug":"oivallus","status":"publish","type":"page","link":"https:\/\/kiekkonen.fi\/?page_id=163","title":{"rendered":"K\u00e4yt\u00e4nn\u00f6n tekeminen"},"content":{"rendered":"\n<p class=\"has-text-align-left\">T\u00e4h\u00e4n teksti\u00e4<\/p>\n\n\n\n<p><\/p>\n\n\n\n<ul class=\"wp-block-list\">\n<li>T\u00e4h\u00e4n listaa<\/li>\n\n\n\n<li>Listaa<\/li>\n\n\n\n<li>jne.<\/li>\n<\/ul>\n\n\n\n<div style=\"height:27px\" aria-hidden=\"true\" class=\"wp-block-spacer\"><\/div>\n","protected":false},"excerpt":{"rendered":"<p>T\u00e4h\u00e4n teksti\u00e4<\/p>\n","protected":false},"author":1,"featured_media":0,"parent":0,"menu_order":0,"comment_status":"closed","ping_status":"closed","template":"","meta":{"footnotes":""},"class_list":["post-163","page","type-page","status-publish","hentry"],"jetpack_sharing_enabled":true,"_links":{"self":[{"href":"https:\/\/kiekkonen.fi\/index.php?rest_route=\/wp\/v2\/pages\/163","targetHints":{"allow":["GET"]}}],"collection":[{"href":"https:\/\/kiekkonen.fi\/index.php?rest_route=\/wp\/v2\/pages"}],"about":[{"href":"https:\/\/kiekkonen.fi\/index.php?rest_route=\/wp\/v2\/types\/page"}],"author":[{"embeddable":true,"href":"https:\/\/kiekkonen.fi\/index.php?rest_route=\/wp\/v2\/users\/1"}],"replies":[{"embeddable":true,"href":"https:\/\/kiekkonen.fi\/index.php?rest_route=%2Fwp%2Fv2%2Fcomments&post=163"}],"version-history":[{"count":12,"href":"https:\/\/kiekkonen.fi\/index.php?rest_route=\/wp\/v2\/pages\/163\/revisions"}],"predecessor-version":[{"id":274,"href":"https:\/\/kiekkonen.fi\/index.php?rest_route=\/wp\/v2\/pages\/163\/revisions\/274"}],"wp:attachment":[{"href":"https:\/\/kiekkonen.fi\/index.php?rest_route=%2Fwp%2Fv2%2Fmedia&parent=163"}],"curies":[{"name":"wp","href":"https:\/\/api.w.org\/{rel}","templated":true}]}}