{"id":106,"date":"2024-10-07T10:42:26","date_gmt":"2024-10-07T10:42:26","guid":{"rendered":"https:\/\/kiekkonen.fi\/?post_type=product&#038;p=106"},"modified":"2024-12-02T18:00:12","modified_gmt":"2024-12-02T18:00:12","slug":"oaky-bridge-matala-poyta","status":"publish","type":"product","link":"https:\/\/kiekkonen.fi\/?product=oaky-bridge-matala-poyta","title":{"rendered":"Oaky Bridge &#8211; matala p\u00f6yt\u00e4"},"content":{"rendered":"<p>Tamminen p\u00f6yt\u00e4 rautaisilla jaloilla. Tarina ja historia avataan verkkokaupan valmistuessa.<\/p>\n","protected":false},"excerpt":{"rendered":"<p>Lyhyt tuotekuvaus.<\/p>\n","protected":false},"featured_media":107,"template":"","meta":[],"product_brand":[],"product_cat":[24],"product_tag":[],"class_list":{"0":"post-106","1":"product","2":"type-product","3":"status-publish","4":"has-post-thumbnail","6":"product_cat-rareitems","8":"first","9":"instock","10":"sold-individually","11":"taxable","12":"shipping-taxable","13":"product-type-simple"},"jetpack_sharing_enabled":true,"_links":{"self":[{"href":"https:\/\/kiekkonen.fi\/index.php?rest_route=\/wp\/v2\/product\/106","targetHints":{"allow":["GET"]}}],"collection":[{"href":"https:\/\/kiekkonen.fi\/index.php?rest_route=\/wp\/v2\/product"}],"about":[{"href":"https:\/\/kiekkonen.fi\/index.php?rest_route=\/wp\/v2\/types\/product"}],"wp:featuredmedia":[{"embeddable":true,"href":"https:\/\/kiekkonen.fi\/index.php?rest_route=\/wp\/v2\/media\/107"}],"wp:attachment":[{"href":"https:\/\/kiekkonen.fi\/index.php?rest_route=%2Fwp%2Fv2%2Fmedia&parent=106"}],"wp:term":[{"taxonomy":"product_brand","embeddable":true,"href":"https:\/\/kiekkonen.fi\/index.php?rest_route=%2Fwp%2Fv2%2Fproduct_brand&post=106"},{"taxonomy":"product_cat","embeddable":true,"href":"https:\/\/kiekkonen.fi\/index.php?rest_route=%2Fwp%2Fv2%2Fproduct_cat&post=106"},{"taxonomy":"product_tag","embeddable":true,"href":"https:\/\/kiekkonen.fi\/index.php?rest_route=%2Fwp%2Fv2%2Fproduct_tag&post=106"}],"curies":[{"name":"wp","href":"https:\/\/api.w.org\/{rel}","templated":true}]}}